{"id":10,"date":"2025-06-09T18:33:03","date_gmt":"2025-06-09T16:33:03","guid":{"rendered":"https:\/\/baltigo.ee\/wordpress\/?page_id=10"},"modified":"2025-06-30T08:41:04","modified_gmt":"2025-06-30T06:41:04","slug":"impressum","status":"publish","type":"page","link":"https:\/\/baltigo.ee\/wordpress\/?page_id=10","title":{"rendered":"Impressum"},"content":{"rendered":"\n<p>Angaben gem\u00e4\u00df \u00a7 5 TMG \/ Estnisches Handelsgesetzbuch<\/p>\n\n\n\n<p><strong>Baltigo Trading O\u00dc<\/strong><br>Linnam\u00e4e tee 2-31<br>Lasnam\u00e4e linnaosa<br>13912 Tallinn<br>Harju maakond<br>Estland<\/p>\n\n\n\n<p><strong>Handelsregisternummer:<\/strong> 17219702<br><strong>Umsatzsteuer-ID (KMKR):<\/strong> EE102850970<br><strong>Registriert seit:<\/strong> 14.04.2025<br><strong>Vertreten durch:<\/strong>Andreas Meng (Gesch\u00e4ftsf\u00fchrer)<\/p>\n\n\n\n<p><strong>E-Mail:<\/strong> <a>info@baltigo.ee<\/a><\/p>\n\n\n\n<p><strong>Unternehmensgegenstand:<\/strong> Gro\u00df- und Einzelhandel <\/p>\n\n\n\n<hr class=\"wp-block-separator has-alpha-channel-opacity\"\/>\n\n\n\n<p><strong>Haftungsausschluss:<\/strong><br>Trotz sorgf\u00e4ltiger inhaltlicher Kontrolle \u00fcbernehmen wir keine Haftung f\u00fcr die Inhalte externer Links. F\u00fcr den Inhalt der verlinkten Seiten sind ausschlie\u00dflich deren Betreiber verantwortlich.<\/p>\n\n\n\n<p><strong>Urheberrecht:<\/strong><br>Die durch Baltigo Trading O\u00dc erstellten Inhalte und Werke auf dieser Website unterliegen dem estnischen Urheberrecht. Beitr\u00e4ge Dritter sind als solche gekennzeichnet. Die Vervielf\u00e4ltigung, Bearbeitung, Verbreitung und jede Art der Verwertung bed\u00fcrfen der schriftlichen Zustimmung.<\/p>\n\n\n\n<hr class=\"wp-block-separator has-alpha-channel-opacity\"\/>\n\n\n\n<hr class=\"wp-block-separator has-alpha-channel-opacity\"\/>\n\n\n\n<p><a href=\"https:\/\/baltigo.ee\/wordpress\/?page_id=3\" data-type=\"page\" data-id=\"3\">Datenschutzerkl\u00e4rung<\/a><\/p>\n","protected":false},"excerpt":{"rendered":"<p>Angaben gem\u00e4\u00df \u00a7 5 TMG \/ Estnisches Handelsgesetzbuch Baltigo Trading O\u00dcLinnam\u00e4e tee 2-31Lasnam\u00e4e linnaosa13912 TallinnHarju maakondEstland Handelsregisternummer: 17219702Umsatzsteuer-ID (KMKR): EE102850970Registriert seit: 14.04.2025Vertreten durch:Andreas Meng (Gesch\u00e4ftsf\u00fchrer) E-Mail: info@baltigo.ee Unternehmensgegenstand: Gro\u00df- und Einzelhandel Haftungsausschluss:Trotz sorgf\u00e4ltiger inhaltlicher Kontrolle \u00fcbernehmen wir keine Haftung f\u00fcr die Inhalte externer Links. F\u00fcr den Inhalt der verlinkten Seiten sind ausschlie\u00dflich deren Betreiber verantwortlich. [&hellip;]<\/p>\n","protected":false},"author":1,"featured_media":0,"parent":0,"menu_order":0,"comment_status":"closed","ping_status":"closed","template":"","meta":{"pgc_sgb_lightbox_settings":"","footnotes":""},"class_list":["post-10","page","type-page","status-publish","hentry"],"_links":{"self":[{"href":"https:\/\/baltigo.ee\/wordpress\/index.php?rest_route=\/wp\/v2\/pages\/10","targetHints":{"allow":["GET"]}}],"collection":[{"href":"https:\/\/baltigo.ee\/wordpress\/index.php?rest_route=\/wp\/v2\/pages"}],"about":[{"href":"https:\/\/baltigo.ee\/wordpress\/index.php?rest_route=\/wp\/v2\/types\/page"}],"author":[{"embeddable":true,"href":"https:\/\/baltigo.ee\/wordpress\/index.php?rest_route=\/wp\/v2\/users\/1"}],"replies":[{"embeddable":true,"href":"https:\/\/baltigo.ee\/wordpress\/index.php?rest_route=%2Fwp%2Fv2%2Fcomments&post=10"}],"version-history":[{"count":4,"href":"https:\/\/baltigo.ee\/wordpress\/index.php?rest_route=\/wp\/v2\/pages\/10\/revisions"}],"predecessor-version":[{"id":166,"href":"https:\/\/baltigo.ee\/wordpress\/index.php?rest_route=\/wp\/v2\/pages\/10\/revisions\/166"}],"wp:attachment":[{"href":"https:\/\/baltigo.ee\/wordpress\/index.php?rest_route=%2Fwp%2Fv2%2Fmedia&parent=10"}],"curies":[{"name":"wp","href":"https:\/\/api.w.org\/{rel}","templated":true}]}}