{"id":2,"date":"2025-06-09T18:16:25","date_gmt":"2025-06-09T16:16:25","guid":{"rendered":"http:\/\/baltigo.ee\/wordpress\/?page_id=2"},"modified":"2025-07-01T12:55:24","modified_gmt":"2025-07-01T10:55:24","slug":"beispiel-seite","status":"publish","type":"page","link":"https:\/\/baltigo.ee\/wordpress\/?page_id=2","title":{"rendered":"\u00dcber Baltigo"},"content":{"rendered":"\n<p class=\"has-text-align-center is-style-text-subtitle is-style-text-subtitle--1\"><strong>\u00dcber Baltigo Trading<\/strong> <strong>O\u00dc<\/strong><\/p>\n\n\n\n<div class=\"wp-block-group is-style-default has-base-background-color has-background has-global-padding is-layout-constrained wp-block-group-is-layout-constrained\">\n<p style=\"border-style:none;border-width:0px\">Die <strong>Baltigo Trading O\u00dc<\/strong> wurde im April 2025 gegr\u00fcndet und vereint frischen Unternehmergeist mit \u00fcber 20 Jahren Erfahrung im internationalen Gro\u00dfhandel. Unser Team verf\u00fcgt \u00fcber fundierte Expertise in den Bereichen <strong>FMCG<\/strong> (Fast Moving Consumer Goods)sowie im <strong>HPC<\/strong> (Home &amp; Personal Care) Bereich.<\/p>\n\n\n\n<p style=\"border-style:none;border-width:0px\">Wir verstehen die Herausforderungen und Chancen im sich wandelnden Handelsumfeld und setzen auf nachhaltige, effiziente L\u00f6sungen f\u00fcr unsere Partner.<\/p>\n\n\n\n<p class=\"has-text-align-left\">Mit Hauptsitz in Estland und strategisch gelegenen Lagerstandorten in Zentraleuropa bedienen wir sowohl europ\u00e4ische als auch globale M\u00e4rkte. Unsere flexibles sowie verl\u00e4ssliches Netzwerk erm\u00f6glichen es uns, schnell auf Marktbed\u00fcrfnisse zu reagieren und langfristige Partnerschaften aufzubauen. <strong>Baltigo Trading<\/strong> steht f\u00fcr transparente Prozesse, pers\u00f6nliche Betreuung und Qualit\u00e4t \u2013 vom ersten Kontakt bis zur Auslieferung.<\/p>\n\n\n\n<p><strong>Baltigo Trading O\u00dc <\/strong>hat seinen Sitz in <strong>Tallinn, Estland<\/strong>, und wurde mit dem Ziel gegr\u00fcndet, schnellen und zuverl\u00e4ssigen Warenhandel innerhalb Europas zu erm\u00f6glichen.<\/p>\n\n\n\n<p>Unsere Kunden sch\u00e4tzen vor allem:<\/p>\n\n\n\n<p>Unserern guten Service das Internationale Netzwerk sowie eine attraktive Preisgestaltung.<\/p>\n\n\n\n<p><\/p>\n<\/div>\n\n\n\n<p><\/p>\n","protected":false},"excerpt":{"rendered":"<p>\u00dcber Baltigo Trading O\u00dc Die Baltigo Trading O\u00dc wurde im April 2025 gegr\u00fcndet und vereint frischen Unternehmergeist mit \u00fcber 20 Jahren Erfahrung im internationalen Gro\u00dfhandel. Unser Team verf\u00fcgt \u00fcber fundierte Expertise in den Bereichen FMCG (Fast Moving Consumer Goods)sowie im HPC (Home &amp; Personal Care) Bereich. Wir verstehen die Herausforderungen und Chancen im sich wandelnden [&hellip;]<\/p>\n","protected":false},"author":1,"featured_media":71,"parent":0,"menu_order":0,"comment_status":"closed","ping_status":"open","template":"","meta":{"pgc_sgb_lightbox_settings":"","footnotes":""},"class_list":["post-2","page","type-page","status-publish","has-post-thumbnail","hentry"],"_links":{"self":[{"href":"https:\/\/baltigo.ee\/wordpress\/index.php?rest_route=\/wp\/v2\/pages\/2","targetHints":{"allow":["GET"]}}],"collection":[{"href":"https:\/\/baltigo.ee\/wordpress\/index.php?rest_route=\/wp\/v2\/pages"}],"about":[{"href":"https:\/\/baltigo.ee\/wordpress\/index.php?rest_route=\/wp\/v2\/types\/page"}],"author":[{"embeddable":true,"href":"https:\/\/baltigo.ee\/wordpress\/index.php?rest_route=\/wp\/v2\/users\/1"}],"replies":[{"embeddable":true,"href":"https:\/\/baltigo.ee\/wordpress\/index.php?rest_route=%2Fwp%2Fv2%2Fcomments&post=2"}],"version-history":[{"count":12,"href":"https:\/\/baltigo.ee\/wordpress\/index.php?rest_route=\/wp\/v2\/pages\/2\/revisions"}],"predecessor-version":[{"id":308,"href":"https:\/\/baltigo.ee\/wordpress\/index.php?rest_route=\/wp\/v2\/pages\/2\/revisions\/308"}],"wp:featuredmedia":[{"embeddable":true,"href":"https:\/\/baltigo.ee\/wordpress\/index.php?rest_route=\/wp\/v2\/media\/71"}],"wp:attachment":[{"href":"https:\/\/baltigo.ee\/wordpress\/index.php?rest_route=%2Fwp%2Fv2%2Fmedia&parent=2"}],"curies":[{"name":"wp","href":"https:\/\/api.w.org\/{rel}","templated":true}]}}