{"id":45,"date":"2025-06-10T20:04:01","date_gmt":"2025-06-10T18:04:01","guid":{"rendered":"https:\/\/baltigo.ee\/wordpress\/?page_id=45"},"modified":"2025-07-01T08:37:41","modified_gmt":"2025-07-01T06:37:41","slug":"startseite","status":"publish","type":"page","link":"https:\/\/baltigo.ee\/wordpress\/","title":{"rendered":"BALTIGO TRADING O\u00dc"},"content":{"rendered":"\n<div class=\"wp-block-cover alignfull is-light has-contrast-color has-text-color has-link-color wp-elements-01ac72501d1be4ebffc105b90c44d9ed\" style=\"margin-top:0;margin-bottom:0;padding-top:var(--wp--preset--spacing--60);padding-right:var(--wp--preset--spacing--50);padding-bottom:var(--wp--preset--spacing--60);padding-left:var(--wp--preset--spacing--50)\"><span aria-hidden=\"true\" class=\"wp-block-cover__background has-base-background-color has-background-dim-100 has-background-dim\"><\/span><div class=\"wp-block-cover__inner-container has-global-padding is-layout-constrained wp-container-core-cover-is-layout-873ee6b1 wp-block-cover-is-layout-constrained\">\n<div class=\"wp-block-columns alignwide is-layout-flex wp-container-core-columns-is-layout-7ee84d44 wp-block-columns-is-layout-flex\">\n<div class=\"wp-block-column is-layout-flow wp-block-column-is-layout-flow\" style=\"flex-basis:65%\">\n<div class=\"wp-block-group is-vertical is-content-justification-stretch is-layout-flex wp-container-core-group-is-layout-353c4f5a wp-block-group-is-layout-flex\">\n<p class=\"is-style-text-subtitle is-style-text-subtitle--1\"><strong>Baltigo Trading O\u00dc ist ein estnisches Handelsunternehmen mit Schwerpunkt auf HPC- (Home &amp; Personal Care) und FMCG-(Fast Moving Consumer Goods) <\/strong><\/p>\n\n\n\n<p>Wir suchen f\u00fcr Sie gezielt nach Produkten, bieten attraktive Preise und entwickeln gleichzeitig ein wachsendes Portfolio an verf\u00fcgbaren Handelswaren. Unser Fokus liegt derzeit in der Versorgung unserer Kunden in Zentraleuropas sowie der Etablierung von Herstellerkontakte.\u00a0<\/p>\n\n\n\n<p>Ob individuelle Produktanfrage oder Bedarf an verl\u00e4sslichen Lieferketten \u2013 bei uns z\u00e4hlt Effizienz, Qualit\u00e4t und pers\u00f6nlicher Service.<\/p>\n\n\n\n<p><strong>Unsere Leistungen auf einen Blick<\/strong>:<\/p>\n\n\n\n<div class=\"wp-block-group is-vertical is-content-justification-center is-layout-flex wp-container-core-group-is-layout-ce155fab wp-block-group-is-layout-flex\">\n<p class=\"has-large-font-size\">Produktbeschaffung (on demand)<\/p>\n\n\n\n<p class=\"has-large-font-size\">Handel &amp; Distribution von HPC &amp; FMCG<\/p>\n\n\n\n<p class=\"is-style-default has-large-font-size\">Internationaler Handel<\/p>\n<\/div>\n<\/div>\n<\/div>\n\n\n\n<div class=\"wp-block-column is-layout-flow wp-block-column-is-layout-flow\" style=\"flex-basis:35%\">\n<div class=\"wp-block-group is-vertical is-content-justification-stretch is-nowrap is-layout-flex wp-container-core-group-is-layout-73b0033c wp-block-group-is-layout-flex\">\n<figure class=\"wp-block-image size-full\"><img loading=\"lazy\" decoding=\"async\" width=\"1536\" height=\"1024\" src=\"https:\/\/baltigo.ee\/wordpress\/wp-content\/uploads\/2025\/06\/storage_placeholder.png\" alt=\"\" class=\"wp-image-167\" style=\"aspect-ratio:3\/4;object-fit:cover\" srcset=\"https:\/\/baltigo.ee\/wordpress\/wp-content\/uploads\/2025\/06\/storage_placeholder.png 1536w, https:\/\/baltigo.ee\/wordpress\/wp-content\/uploads\/2025\/06\/storage_placeholder-300x200.png 300w, https:\/\/baltigo.ee\/wordpress\/wp-content\/uploads\/2025\/06\/storage_placeholder-1024x683.png 1024w, https:\/\/baltigo.ee\/wordpress\/wp-content\/uploads\/2025\/06\/storage_placeholder-768x512.png 768w\" sizes=\"auto, (max-width: 1536px) 100vw, 1536px\" \/><\/figure>\n<\/div>\n<\/div>\n<\/div>\n<\/div><\/div>\n","protected":false},"excerpt":{"rendered":"","protected":false},"author":1,"featured_media":0,"parent":0,"menu_order":0,"comment_status":"closed","ping_status":"closed","template":"","meta":{"pgc_sgb_lightbox_settings":"","footnotes":""},"class_list":["post-45","page","type-page","status-publish","hentry"],"_links":{"self":[{"href":"https:\/\/baltigo.ee\/wordpress\/index.php?rest_route=\/wp\/v2\/pages\/45","targetHints":{"allow":["GET"]}}],"collection":[{"href":"https:\/\/baltigo.ee\/wordpress\/index.php?rest_route=\/wp\/v2\/pages"}],"about":[{"href":"https:\/\/baltigo.ee\/wordpress\/index.php?rest_route=\/wp\/v2\/types\/page"}],"author":[{"embeddable":true,"href":"https:\/\/baltigo.ee\/wordpress\/index.php?rest_route=\/wp\/v2\/users\/1"}],"replies":[{"embeddable":true,"href":"https:\/\/baltigo.ee\/wordpress\/index.php?rest_route=%2Fwp%2Fv2%2Fcomments&post=45"}],"version-history":[{"count":7,"href":"https:\/\/baltigo.ee\/wordpress\/index.php?rest_route=\/wp\/v2\/pages\/45\/revisions"}],"predecessor-version":[{"id":306,"href":"https:\/\/baltigo.ee\/wordpress\/index.php?rest_route=\/wp\/v2\/pages\/45\/revisions\/306"}],"wp:attachment":[{"href":"https:\/\/baltigo.ee\/wordpress\/index.php?rest_route=%2Fwp%2Fv2%2Fmedia&parent=45"}],"curies":[{"name":"wp","href":"https:\/\/api.w.org\/{rel}","templated":true}]}}